{"id":268,"date":"2018-07-20T21:04:07","date_gmt":"2018-07-20T20:04:07","guid":{"rendered":"http:\/\/www.procarbenin.org\/?page_id=268"},"modified":"2025-01-28T15:55:00","modified_gmt":"2025-01-28T14:55:00","slug":"actualites-pacer","status":"publish","type":"page","link":"https:\/\/www.procarbenin.org\/?page_id=268","title":{"rendered":"Actualit\u00e9s PADMAR"},"content":{"rendered":"<p>S\u00e9ance de travail avec les&nbsp; les faiti\u00e8res des Organisations Paysannes ce jour mardi 14 ao\u00fbt 2018 au si\u00e8ge du ProCaR, le PADMAR finalise les conventions avec ses partenaires.<\/p>\n\n\n<h2 class=\"wp-block-heading\">Cliquez sur le lien pour t\u00e9l\u00e9charger le: <a href=\"http:\/\/www.procarbenin.org\/wp-content\/uploads\/2019\/10\/PADMAR-PTBA-Exercice-2019-VF-250319.pdf\">http:\/\/www.procarbenin.org\/wp-content\/uploads\/2019\/10\/PADMAR-PTBA-Exercice-2019-VF-250319.pdf<\/a><\/h2>\n\n\n\n<h2 class=\"wp-block-heading\">Cliquez sur le lien pour t\u00e9l\u00e9charger le : <a href=\"http:\/\/www.procarbenin.org\/wp-content\/uploads\/2019\/10\/PTBA-2019-PADMAR_Version-CNP-revu-FIDA2-actualise-250319.xlsx\">http:\/\/www.procarbenin.org\/wp-content\/uploads\/2019\/10\/PTBA-2019-PADMAR_Version-CNP-revu-FIDA2-actualise-250319.xlsx<\/a><\/h2>\n\n\n\n<p><\/p>\n\n\n\n<h2 class=\"wp-block-heading\"><\/h2>\n","protected":false},"excerpt":{"rendered":"<p>S\u00e9ance de travail avec les&nbsp; les faiti\u00e8res des Organisations Paysannes ce jour mardi 14 ao\u00fbt 2018 au si\u00e8ge du ProCaR, le PADMAR finalise les conventions avec ses partenaires. Cliquez sur&hellip;<\/p>\n","protected":false},"author":1,"featured_media":42,"parent":0,"menu_order":0,"comment_status":"closed","ping_status":"closed","template":"","meta":{"_monsterinsights_skip_tracking":false,"_monsterinsights_sitenote_active":false,"_monsterinsights_sitenote_note":"","_monsterinsights_sitenote_category":0,"iawp_total_views":18,"footnotes":""},"class_list":["post-268","page","type-page","status-publish","has-post-thumbnail","hentry"],"aioseo_notices":[],"_links":{"self":[{"href":"https:\/\/www.procarbenin.org\/index.php?rest_route=\/wp\/v2\/pages\/268","targetHints":{"allow":["GET"]}}],"collection":[{"href":"https:\/\/www.procarbenin.org\/index.php?rest_route=\/wp\/v2\/pages"}],"about":[{"href":"https:\/\/www.procarbenin.org\/index.php?rest_route=\/wp\/v2\/types\/page"}],"author":[{"embeddable":true,"href":"https:\/\/www.procarbenin.org\/index.php?rest_route=\/wp\/v2\/users\/1"}],"replies":[{"embeddable":true,"href":"https:\/\/www.procarbenin.org\/index.php?rest_route=%2Fwp%2Fv2%2Fcomments&post=268"}],"version-history":[{"count":10,"href":"https:\/\/www.procarbenin.org\/index.php?rest_route=\/wp\/v2\/pages\/268\/revisions"}],"predecessor-version":[{"id":2618,"href":"https:\/\/www.procarbenin.org\/index.php?rest_route=\/wp\/v2\/pages\/268\/revisions\/2618"}],"wp:featuredmedia":[{"embeddable":true,"href":"https:\/\/www.procarbenin.org\/index.php?rest_route=\/wp\/v2\/media\/42"}],"wp:attachment":[{"href":"https:\/\/www.procarbenin.org\/index.php?rest_route=%2Fwp%2Fv2%2Fmedia&parent=268"}],"curies":[{"name":"wp","href":"https:\/\/api.w.org\/{rel}","templated":true}]}}