{"id":274,"date":"2018-07-20T21:05:45","date_gmt":"2018-07-20T20:05:45","guid":{"rendered":"http:\/\/www.procarbenin.org\/?page_id=274"},"modified":"2021-07-01T17:09:02","modified_gmt":"2021-07-01T16:09:02","slug":"actualites-padaam","status":"publish","type":"page","link":"https:\/\/www.procarbenin.org\/?page_id=274","title":{"rendered":"Actualit\u00e9s PADAAM"},"content":{"rendered":"\n<p><\/p>\n\n\n\n<p><\/p>\n\n\n<p>FINANCEMENT DU PROGRAMME D\u2019ACTIONS DU GOUVERNEMENT : LE BENIN DECROCHE 104,4 MILLIONS USD AU FIDA POUR BOOSTER LA SECURITE ALIMENTAIRE ET NUTRITIONNELLE ET CREER DES EMPLOIS POUR LES POPULATIONS RURALES<\/p>\n<p>Plus de 51 000 m\u00e9nages ruraux vuln\u00e9rables du B\u00e9nin b\u00e9n\u00e9ficieront d\u2019un projet de 104,4 millions d&rsquo;USD qui vise \u00e0 r\u00e9duire la pauvret\u00e9 rurale gr\u00e2ce \u00e0 une approche ax\u00e9e sur les fili\u00e8res agricoles. Ce projet contribuera aussi \u00e0 r\u00e9duire les importations de produits alimentaires et \u00e0 am\u00e9liorer la comp\u00e9titivit\u00e9 des produits des petits exploitants agricoles sur les march\u00e9s int\u00e9rieurs et ext\u00e9rieurs.<\/p>\n<p>L&rsquo;accord de financement du Projet d&rsquo;appui au d\u00e9veloppement agricole et \u00e0 l&rsquo;acc\u00e8s au march\u00e9 (PADAAM), a \u00e9t\u00e9 sign\u00e9 aujourd&rsquo;hui \u00e0 Rome par Gilbert F. Houngbo, Pr\u00e9sident du FIDA, et Romuald Wadagni, Ministre de l&rsquo;\u00e9conomie et des finances de la R\u00e9publique du B\u00e9nin.<\/p>\n<p>En effet, le FIDA participera au financement du projet par un pr\u00eat de 15,5 millions d\u2019USD et un don de 15,5 millions d&rsquo;USD. Le projet sera cofinanc\u00e9 par le Fonds de l&rsquo;OPEP pour le d\u00e9veloppement international (10 millions d\u2019USD), le secteur priv\u00e9 (5,6 millions d\u2019USD), les institutions financi\u00e8res (1,3 million d\u2019USD), le Gouvernement b\u00e9ninois (9,8 millions d\u2019USD), et les b\u00e9n\u00e9ficiaires (3,3 millions d\u2019USD). Le d\u00e9ficit de financement, d&rsquo;un montant de 43,6 millions d&rsquo;USD sera couvert par d&rsquo;autres sources de financement ou par les allocations futures des ressources du FIDA au B\u00e9nin.<\/p>\n<p>L&rsquo;agriculture est un secteur cl\u00e9 de l&rsquo;\u00e9conomie b\u00e9ninoise. Elle fournit 70% des emplois et contribue \u00e0 32,7% du PIB et 75% des recettes d&rsquo;exportation. Le nouveau projet permettra d\u2019accro\u00eetre la production et la productivit\u00e9 agricole, et d\u2019am\u00e9liorer la commercialisation du riz, du ma\u00efs et du manioc. Il est en ligne avec la strat\u00e9gie du Gouvernement qui vise \u00e0 r\u00e9duire les importations des produits alimentaires et \u00e0 favoriser la cr\u00e9ation de valeur ajout\u00e9e pour une comp\u00e9titivit\u00e9 renforc\u00e9e.<\/p>\n<p>Le PADAAM interviendra dans les d\u00e9partements de l\u2019Atlantique, des Collines, du Couffo, du Mono, de l\u2019Ou\u00e9m\u00e9, du Plateau et du Zou. Il vise \u00e0 cr\u00e9er des emplois et \u00e0 am\u00e9liorer les revenus des petits exploitants agricoles en particulier les femmes et les jeunes vivant dans les zones du projet. Au moins 40% des participants du projet seront des femmes et 30% des jeunes. En outre, il va promouvoir des mesures visant \u00e0 renforcer la r\u00e9silience des petits exploitants agricoles face aux changements climatiques et, mettra en place d&rsquo;un syst\u00e8me d&rsquo;assurance destin\u00e9 principalement aux groupes cibles du projet.<\/p>\n<p>De plus, le projet concourra \u00e9galement \u00e0 am\u00e9liorer la disponibilit\u00e9 et la qualit\u00e9 des infrastructures productives et de soutien \u00e0 la mise en march\u00e9. Ainsi, 2 500 hectares de bas-fonds seront am\u00e9nag\u00e9s, 91 magasins de stockage seront r\u00e9habilit\u00e9s ou construits et 250 kilom\u00e8tres de pistes agricoles seront r\u00e9alis\u00e9s.<\/p>\n<p>Depuis 1978, le FIDA a particip\u00e9 au financement de 13 programmes et projets de d\u00e9veloppement rural au B\u00e9nin, en investissant 247,2 millions d\u2019USD sur un co\u00fbt total de 467,1 millions d\u2019USD. Ces projets et programmes ont b\u00e9n\u00e9fici\u00e9 directement \u00e0 plus de 469 400 m\u00e9nages ruraux b\u00e9ninois.<\/p>","protected":false},"excerpt":{"rendered":"<p>FINANCEMENT DU PROGRAMME D\u2019ACTIONS DU GOUVERNEMENT : LE BENIN DECROCHE 104,4 MILLIONS USD AU FIDA POUR BOOSTER LA SECURITE ALIMENTAIRE ET NUTRITIONNELLE ET CREER DES EMPLOIS POUR LES POPULATIONS RURALES&hellip;<\/p>\n","protected":false},"author":1,"featured_media":1075,"parent":0,"menu_order":0,"comment_status":"closed","ping_status":"closed","template":"","meta":{"_monsterinsights_skip_tracking":false,"_monsterinsights_sitenote_active":false,"_monsterinsights_sitenote_note":"","_monsterinsights_sitenote_category":0,"iawp_total_views":507,"footnotes":""},"class_list":["post-274","page","type-page","status-publish","has-post-thumbnail","hentry"],"aioseo_notices":[],"_links":{"self":[{"href":"https:\/\/www.procarbenin.org\/index.php?rest_route=\/wp\/v2\/pages\/274","targetHints":{"allow":["GET"]}}],"collection":[{"href":"https:\/\/www.procarbenin.org\/index.php?rest_route=\/wp\/v2\/pages"}],"about":[{"href":"https:\/\/www.procarbenin.org\/index.php?rest_route=\/wp\/v2\/types\/page"}],"author":[{"embeddable":true,"href":"https:\/\/www.procarbenin.org\/index.php?rest_route=\/wp\/v2\/users\/1"}],"replies":[{"embeddable":true,"href":"https:\/\/www.procarbenin.org\/index.php?rest_route=%2Fwp%2Fv2%2Fcomments&post=274"}],"version-history":[{"count":5,"href":"https:\/\/www.procarbenin.org\/index.php?rest_route=\/wp\/v2\/pages\/274\/revisions"}],"predecessor-version":[{"id":2234,"href":"https:\/\/www.procarbenin.org\/index.php?rest_route=\/wp\/v2\/pages\/274\/revisions\/2234"}],"wp:featuredmedia":[{"embeddable":true,"href":"https:\/\/www.procarbenin.org\/index.php?rest_route=\/wp\/v2\/media\/1075"}],"wp:attachment":[{"href":"https:\/\/www.procarbenin.org\/index.php?rest_route=%2Fwp%2Fv2%2Fmedia&parent=274"}],"curies":[{"name":"wp","href":"https:\/\/api.w.org\/{rel}","templated":true}]}}