{"id":840,"date":"2018-08-16T12:01:59","date_gmt":"2018-08-16T11:01:59","guid":{"rendered":"http:\/\/www.procarbenin.org\/?page_id=840"},"modified":"2025-04-02T07:06:36","modified_gmt":"2025-04-02T06:06:36","slug":"documents-padaam","status":"publish","type":"page","link":"https:\/\/www.procarbenin.org\/?page_id=840","title":{"rendered":"DOCUMENTS PADAAM"},"content":{"rendered":"\n<h2 class=\"wp-block-heading\">Avis d&rsquo;int\u00e9r\u00eat <\/h2>\n\n\n\n<h2 class=\"wp-block-heading\"><\/h2>\n\n\n\n<h2 class=\"wp-block-heading\"><\/h2>\n\n\n\n<h3 class=\"wp-block-heading has-text-align-center\"><a href=\"https:\/\/www.procarbenin.org\/wp-content\/uploads\/2020\/09\/appel-\u00e0-candidatures.pdf\">Formation des Jeunes en Entreprenariat Agricoles P\u00f4les COLLINES ET DJIDJA<\/a><img loading=\"lazy\" decoding=\"async\" width=\"150\" height=\"218\" class=\"wp-image-1906\" style=\"width: 150px;\" src=\"https:\/\/www.procarbenin.org\/wp-content\/uploads\/2020\/09\/appel-\u00e0-candidatures-1-scaled.jpg\" alt=\"\" srcset=\"https:\/\/www.procarbenin.org\/wp-content\/uploads\/2020\/09\/appel-\u00e0-candidatures-1-scaled.jpg 1758w, https:\/\/www.procarbenin.org\/wp-content\/uploads\/2020\/09\/appel-\u00e0-candidatures-1-206x300.jpg 206w, https:\/\/www.procarbenin.org\/wp-content\/uploads\/2020\/09\/appel-\u00e0-candidatures-1-703x1024.jpg 703w, https:\/\/www.procarbenin.org\/wp-content\/uploads\/2020\/09\/appel-\u00e0-candidatures-1-768x1118.jpg 768w, https:\/\/www.procarbenin.org\/wp-content\/uploads\/2020\/09\/appel-\u00e0-candidatures-1-1055x1536.jpg 1055w, https:\/\/www.procarbenin.org\/wp-content\/uploads\/2020\/09\/appel-\u00e0-candidatures-1-1406x2048.jpg 1406w\" sizes=\"auto, (max-width: 150px) 100vw, 150px\" \/><\/h3>\n\n\n\n<h2 class=\"wp-block-heading\"><\/h2>\n\n\n\n<h3 class=\"wp-block-heading has-text-align-center\"><a href=\"https:\/\/www.procarbenin.org\/wp-content\/uploads\/2020\/09\/Appel-\u00e0-candidature-PADAAM-01-Sep-2020-22-02-42.pdf\">Formation des Jeunes en Entreprenariat Agricoles P\u00f4les ZOU-COUFFO<\/a> <\/h3>\n\n\n\n<h2 class=\"wp-block-heading has-text-align-center\"><img loading=\"lazy\" decoding=\"async\" width=\"150\" height=\"201\" class=\"wp-image-1904\" style=\"width: 150px;\" src=\"https:\/\/www.procarbenin.org\/wp-content\/uploads\/2020\/09\/Appel-\u00e0-candidature-PADAAM-01-Sep-2020-22-02-42-1-scaled.jpg\" alt=\"\" srcset=\"https:\/\/www.procarbenin.org\/wp-content\/uploads\/2020\/09\/Appel-\u00e0-candidature-PADAAM-01-Sep-2020-22-02-42-1-scaled.jpg 1913w, https:\/\/www.procarbenin.org\/wp-content\/uploads\/2020\/09\/Appel-\u00e0-candidature-PADAAM-01-Sep-2020-22-02-42-1-224x300.jpg 224w, https:\/\/www.procarbenin.org\/wp-content\/uploads\/2020\/09\/Appel-\u00e0-candidature-PADAAM-01-Sep-2020-22-02-42-1-765x1024.jpg 765w, https:\/\/www.procarbenin.org\/wp-content\/uploads\/2020\/09\/Appel-\u00e0-candidature-PADAAM-01-Sep-2020-22-02-42-1-768x1028.jpg 768w, https:\/\/www.procarbenin.org\/wp-content\/uploads\/2020\/09\/Appel-\u00e0-candidature-PADAAM-01-Sep-2020-22-02-42-1-1148x1536.jpg 1148w, https:\/\/www.procarbenin.org\/wp-content\/uploads\/2020\/09\/Appel-\u00e0-candidature-PADAAM-01-Sep-2020-22-02-42-1-1530x2048.jpg 1530w\" sizes=\"auto, (max-width: 150px) 100vw, 150px\" \/><\/h2>\n\n\n\n<p><\/p>\n\n\n\n<div class=\"wp-block-group\"><div class=\"wp-block-group__inner-container is-layout-flow wp-block-group-is-layout-flow\">\n<h3 class=\"wp-block-heading has-text-align-center\"> <a href=\"https:\/\/www.procarbenin.org\/wp-content\/uploads\/2020\/09\/Appel-\u00e0-candidature-PADAAM.pdf\">Appel&nbsp;\u00e0&nbsp;candidature pour la s\u00e9lection&nbsp;de&nbsp;trois cat\u00e9gories&nbsp;de jeunes&nbsp;hommes et femmes&nbsp;\u00e0&nbsp;former en entreprenariat&nbsp;agricole&nbsp;et&nbsp;a accompagner \u00e0 l&rsquo;installation<\/a><\/h3>\n\n\n\n<p class=\"has-text-align-center\"><a href=\"https:\/\/www.procarbenin.org\/wp-content\/uploads\/2020\/09\/Appel-\u00e0-candidature-PADAAM.pdf\">.<\/a> <img loading=\"lazy\" decoding=\"async\" width=\"150\" height=\"237\" class=\"wp-image-1905\" style=\"width: 150px;\" src=\"https:\/\/www.procarbenin.org\/wp-content\/uploads\/2020\/09\/Appel-\u00e0-candidature-PADAAM-1-scaled.jpg\" alt=\"\" srcset=\"https:\/\/www.procarbenin.org\/wp-content\/uploads\/2020\/09\/Appel-\u00e0-candidature-PADAAM-1-scaled.jpg 1619w, https:\/\/www.procarbenin.org\/wp-content\/uploads\/2020\/09\/Appel-\u00e0-candidature-PADAAM-1-190x300.jpg 190w, https:\/\/www.procarbenin.org\/wp-content\/uploads\/2020\/09\/Appel-\u00e0-candidature-PADAAM-1-648x1024.jpg 648w, https:\/\/www.procarbenin.org\/wp-content\/uploads\/2020\/09\/Appel-\u00e0-candidature-PADAAM-1-768x1214.jpg 768w, https:\/\/www.procarbenin.org\/wp-content\/uploads\/2020\/09\/Appel-\u00e0-candidature-PADAAM-1-972x1536.jpg 972w, https:\/\/www.procarbenin.org\/wp-content\/uploads\/2020\/09\/Appel-\u00e0-candidature-PADAAM-1-1295x2048.jpg 1295w\" sizes=\"auto, (max-width: 150px) 100vw, 150px\" \/><\/p>\n<\/div><\/div>\n\n\n\n<p><\/p>\n\n\n\n<p><\/p>\n\n\n\n<figure class=\"wp-block-image is-resized\"><img loading=\"lazy\" decoding=\"async\" width=\"382\" height=\"539\" src=\"http:\/\/www.procarbenin.org\/wp-content\/uploads\/2020\/02\/Image_DCP_PADAAM.jpg\" alt=\"\" class=\"wp-image-1631\" style=\"width:148px;height:209px\" srcset=\"https:\/\/www.procarbenin.org\/wp-content\/uploads\/2020\/02\/Image_DCP_PADAAM.jpg 382w, https:\/\/www.procarbenin.org\/wp-content\/uploads\/2020\/02\/Image_DCP_PADAAM-213x300.jpg 213w\" sizes=\"auto, (max-width: 382px) 100vw, 382px\" \/><\/figure>\n\n\n\n<div class=\"wp-block-button\"><a class=\"wp-block-button__link wp-element-button\" href=\"http:\/\/www.procarbenin.org\/wp-content\/uploads\/2020\/02\/2_PADAAM-DCP-FINAL.pdf\">Aper\u00e7u \/ T\u00e9l\u00e9charger <\/a><\/div>\n\n\n\n<div class=\"wp-block-file\"><a id=\"wp-block-file--media-d79abee5-ad13-407f-8ed6-6f6faf9194f8\" href=\"https:\/\/www.procarbenin.org\/wp-content\/uploads\/2025\/04\/PRODUCTION-DE-RIZ-PADDY.docx\">PRODUCTION DE RIZ PADDY<\/a><a href=\"https:\/\/www.procarbenin.org\/wp-content\/uploads\/2025\/04\/PRODUCTION-DE-RIZ-PADDY.docx\" class=\"wp-block-file__button wp-element-button\" download aria-describedby=\"wp-block-file--media-d79abee5-ad13-407f-8ed6-6f6faf9194f8\">T\u00e9l\u00e9charger<\/a><\/div>\n","protected":false},"excerpt":{"rendered":"<p>Avis d&rsquo;int\u00e9r\u00eat Formation des Jeunes en Entreprenariat Agricoles P\u00f4les COLLINES ET DJIDJA Formation des Jeunes en Entreprenariat Agricoles P\u00f4les ZOU-COUFFO Appel&nbsp;\u00e0&nbsp;candidature pour la s\u00e9lection&nbsp;de&nbsp;trois cat\u00e9gories&nbsp;de jeunes&nbsp;hommes et femmes&nbsp;\u00e0&nbsp;former en entreprenariat&nbsp;agricole&nbsp;et&nbsp;a&hellip;<\/p>\n","protected":false},"author":1,"featured_media":0,"parent":0,"menu_order":0,"comment_status":"closed","ping_status":"closed","template":"","meta":{"_monsterinsights_skip_tracking":false,"_monsterinsights_sitenote_active":false,"_monsterinsights_sitenote_note":"","_monsterinsights_sitenote_category":0,"iawp_total_views":145,"footnotes":""},"class_list":["post-840","page","type-page","status-publish","hentry"],"aioseo_notices":[],"_links":{"self":[{"href":"https:\/\/www.procarbenin.org\/index.php?rest_route=\/wp\/v2\/pages\/840","targetHints":{"allow":["GET"]}}],"collection":[{"href":"https:\/\/www.procarbenin.org\/index.php?rest_route=\/wp\/v2\/pages"}],"about":[{"href":"https:\/\/www.procarbenin.org\/index.php?rest_route=\/wp\/v2\/types\/page"}],"author":[{"embeddable":true,"href":"https:\/\/www.procarbenin.org\/index.php?rest_route=\/wp\/v2\/users\/1"}],"replies":[{"embeddable":true,"href":"https:\/\/www.procarbenin.org\/index.php?rest_route=%2Fwp%2Fv2%2Fcomments&post=840"}],"version-history":[{"count":18,"href":"https:\/\/www.procarbenin.org\/index.php?rest_route=\/wp\/v2\/pages\/840\/revisions"}],"predecessor-version":[{"id":2830,"href":"https:\/\/www.procarbenin.org\/index.php?rest_route=\/wp\/v2\/pages\/840\/revisions\/2830"}],"wp:attachment":[{"href":"https:\/\/www.procarbenin.org\/index.php?rest_route=%2Fwp%2Fv2%2Fmedia&parent=840"}],"curies":[{"name":"wp","href":"https:\/\/api.w.org\/{rel}","templated":true}]}}